{"id":56793,"date":"2024-02-07T10:47:06","date_gmt":"2024-02-07T09:47:06","guid":{"rendered":"https:\/\/cla.unipv.it\/?page_id=56793"},"modified":"2024-02-08T10:08:27","modified_gmt":"2024-02-08T09:08:27","slug":"corsi-di-lingua-tedesca-deutschkurse-bei-der-universitat-munchen","status":"publish","type":"page","link":"https:\/\/cla.unipv.it\/?page_id=56793","title":{"rendered":"Corsi di lingua tedesca \u201aDeutschkurse bei der Universit\u00e4t M\u00fcnchen\u2018"},"content":{"rendered":"<p>Il Centro Linguistico collabora con <em>Deutschkurse bei der Universit\u00e4t M\u00fcnchen <\/em>per la promozione dell&#8217;apprendimento della lingua tedesca.<br \/>\nPropone al personale dell\u2019Ateneo e agli studenti iscritti che desiderano migliorare le proprie competenze un&#8217;ulteriore opportunit\u00e0 di apprendimento del tedesco, dando informazione delle offerte dell&#8217;associazione <em>Deutschkurse bei der Universit\u00e4t M\u00fcnchen<\/em>.<\/p>\n<p>Il personale e gli studenti dell\u2019Ateneo che intendano iscriversi ai corsi di lingua tedesca dell&#8217;associazione <em>Deutschkurse bei der Universit\u00e4t M\u00fcnchen<\/em> potranno beneficiare delle tariffe agevolate indicate nelle offerte. Di seguito i link alle offerte aggiornate per i corsi estivi online di lingua tedesca.<\/p>\n<p><strong>Il centro linguistico non gestisce le iscrizioni e non ha informazioni aggiuntive rispetto a quelle pubblicate sul sito, ma svolge esclusivamente il ruolo di tramite per la pubblicizzazione dei corsi di tedesco organizzati dall\u2019associazione <em>Deutschkurse bei der Universit\u00e4t M\u00fcnchen.<\/em><\/strong><\/p>\n<p>[LINK al calendario: Sommerprogramme e Langzeitprogramme 2021]<\/p>\n<p>I corsi mirano al raggiungimento delle competenze linguistiche generali relativamente al livello a cui si partecipa.<\/p>\n<p>L&#8217;assegnazione al livello di corso adeguato rispetto alle proprie conoscenze viene fatta sulla base di test linguistico di piazzamento che deve essere sostenuto dopo l\u2019iscrizione.<\/p>\n<p>Di seguito tutti i programmi scaricabili a seconda del livello di competenza raggiunto. [PDF SCARICABILI dei diversi livelli]<\/p>\n<p>&#8211; Per chi non ha alcuna conoscenza pregressa oppure ha solo una conoscenza preliminare della lingua tedesca:<\/p>\n<p>A1\/A2 [PDF SCARICABILI, versione inglese e tedesca]<\/p>\n<p>A2\/B1 [PDF SCARICABILI, versione inglese e tedesca]<\/p>\n<p>&#8211; Per chi ha una buona conoscenza della lingua tedesca:<\/p>\n<p>B2.1 [PDF SCARICABILE]<\/p>\n<p>B2.2 [PDF SCARICABILE]<\/p>\n<p>&#8211; Per chi ha una conoscenza molto buona della lingua tedesca:<\/p>\n<p>C1.1 [PDF SCARICABILE]<\/p>\n<p>C1.2 [PDF SCARICABILE]<\/p>\n<p><strong>MANIFESTAZIONE DI INTERESSE ALL\u2019 ISCRIZIONE<\/strong><\/p>\n<p>Il personale e gli studenti dell\u2019Ateneo che sono interessati a iscriversi ai corsi dell\u2019associazione <em>Deutschkurse <\/em>usufruendo delle tariffe agevolate sono pregati di compilare il seguente FORM entro e non oltre gioved\u00ec 13 maggio 2021 (ore 24:00).<\/p>\n<p>Dopo avere compilato il form online in ogni sua parte e averlo inviato gli interessati verranno contattati via email direttamente dall\u2019associazione <em>Deutschkurse bei der Universit\u00e4t M\u00fcnchen <\/em>per confermare la loro intenzione ad iscriversi e quindi formalizzare l\u2019iscrizione. Riceveranno indicazioni per il pagamento e per sostenere il test linguistico di piazzamento.<\/p>\n<p><strong>CONTATTI <\/strong><\/p>\n<p><strong>Per informazioni: <\/strong>Web e mail Monaco<strong><br \/>\n<\/strong><\/p>\n<p><strong>(<\/strong><strong>LOGO DK)<\/strong><\/p>\n","protected":false},"excerpt":{"rendered":"<p>Il Centro Linguistico collabora con Deutschkurse bei der Universit\u00e4t M\u00fcnchen per la promozione dell&#8217;apprendimento della lingua tedesca. Propone al personale dell\u2019Ateneo e agli studenti iscritti che desiderano migliorare le proprie competenze un&#8217;ulteriore opportunit\u00e0 di apprendimento del tedesco, dando informazione delle offerte dell&#8217;associazione Deutschkurse bei der Universit\u00e4t M\u00fcnchen. Il personale e gli studenti dell\u2019Ateneo che intendano&#8230;<\/p>\n","protected":false},"author":8,"featured_media":0,"parent":0,"menu_order":0,"comment_status":"closed","ping_status":"closed","template":"","meta":[],"_links":{"self":[{"href":"https:\/\/cla.unipv.it\/index.php?rest_route=\/wp\/v2\/pages\/56793"}],"collection":[{"href":"https:\/\/cla.unipv.it\/index.php?rest_route=\/wp\/v2\/pages"}],"about":[{"href":"https:\/\/cla.unipv.it\/index.php?rest_route=\/wp\/v2\/types\/page"}],"author":[{"embeddable":true,"href":"https:\/\/cla.unipv.it\/index.php?rest_route=\/wp\/v2\/users\/8"}],"replies":[{"embeddable":true,"href":"https:\/\/cla.unipv.it\/index.php?rest_route=%2Fwp%2Fv2%2Fcomments&post=56793"}],"version-history":[{"count":1,"href":"https:\/\/cla.unipv.it\/index.php?rest_route=\/wp\/v2\/pages\/56793\/revisions"}],"predecessor-version":[{"id":56809,"href":"https:\/\/cla.unipv.it\/index.php?rest_route=\/wp\/v2\/pages\/56793\/revisions\/56809"}],"wp:attachment":[{"href":"https:\/\/cla.unipv.it\/index.php?rest_route=%2Fwp%2Fv2%2Fmedia&parent=56793"}],"curies":[{"name":"wp","href":"https:\/\/api.w.org\/{rel}","templated":true}]}}