{"id":49246,"date":"2015-01-20T11:46:09","date_gmt":"2015-01-20T10:46:09","guid":{"rendered":"http:\/\/cla.unipv.it\/?page_id=49246"},"modified":"2026-04-02T10:37:26","modified_gmt":"2026-04-02T08:37:26","slug":"erasmus-accertamento-linguistico","status":"publish","type":"page","link":"https:\/\/cla.unipv.it\/?page_id=49246","title":{"rendered":"Erasmus test linguistico e attivit\u00e0 online"},"content":{"rendered":"<p><strong>ISTRUZIONI TEST ERASMUS+ E UTILIZZO ATTIVIT\u00c0<\/strong> <strong>PREPARATORIE 2017-2018<\/strong><\/p>\n<p>Il bando Erasmus+ 2017-2018 prevede per i candidati <em>outgoing <\/em>l\u2019accertamento della competenza linguistica per le lingue francese, inglese, portoghese, spagnolo e tedesco tramite test online organizzati ed erogati dal Centro Linguistico di Ateneo attraverso l\u2019utilizzo della piattaforma di Ateneo KIRO.<\/p>\n<p>Il test non ha lo scopo di verificare la conoscenza mnemonica di elementi grammaticali, lessicali e comunicativi, ma di verificare la capacit\u00e0 di orientarsi nella lingua dato un determinato contesto. Il ruolo del contesto linguistico \u00e8 dunque fondamentale in tutti gli esercizi. \u00c8 testata la capacit\u00e0 di evincere e comprendere il significato dal contesto.<\/p>\n<p><strong>Come \u00e8 strutturato il test?<\/strong><\/p>\n<p>Il test di ogni lingua \u00e8 suddiviso in quattro fasi corrispondenti rispettivamente ai livelli A2, B1, B2 e C1 del Quadro Comune Europeo di Riferimento (QCER). Il candidato dovr\u00e0 svolgere il test a partire dalla fase 1, corrispondente a un test di livello A2, e proseguir\u00e0 solo dopo il raggiungimento della percentuale necessaria per accedere alla fase successiva; in caso contrario, il test accerter\u00e0 l\u2019ultimo livello conseguito.<\/p>\n<p>La scala dei punteggi \u00e8 stabilita nel modo seguente:<\/p>\n<p>fase 1: test di livello A2 con punteggio minimo fissato a 70% (da 0% a 69% il punteggio attester\u00e0 il non raggiungimento del livello A2) corrispondente a 21 risposte corrette su 30. Il candidato che otterr\u00e0 da 80% a 100% (da 24 a 30 risposte corrette) nel test di livello A2 potr\u00e0 passare alla fase 2 e svolgere il corrispondente test di livello B1;<\/p>\n<p>fase 2: test di livello B1 con punteggio minimo fissato a 70% (da 0% a 69% il punteggio confermer\u00e0 il livello A2) corrispondente a 21 risposte corrette su 30. Il candidato che otterr\u00e0 da 80% a 100% (da 24 a 30 risposte corrette) nel test di livello B1 potr\u00e0 passare alla fase 3 e svolgere il corrispondente test di livello B2;<\/p>\n<p>fase 3: test di livello B2 con punteggio minimo fissato a 70% (da 0% a 69% il punteggio confermer\u00e0 il livello B1) corrispondente a 21 risposte corrette su 30. Il candidato che otterr\u00e0 da 80% a 100% (da 24 a 30 risposte corrette) nel test di livello B2 potr\u00e0 passare alla fase 4 e svolgere il corrispondente test di livello C1;<\/p>\n<p>fase 4: test di livello C1 con punteggio minimo fissato a 70% (da 0% a 69% il punteggio confermer\u00e0 il livello B2), corrispondente a 25 risposte corrette su 35.<\/p>\n<p>Il test ha la seguente struttura:<\/p>\n<p><u>Livello<\/u><u> A2 <\/u>(tempo di svolgimento: 20 minuti)<\/p>\n<p>30 domande suddivise in:<\/p>\n<p>&#8211; 20 domande che attestano elementi di competenza grammaticale e lessicale<br \/>\n&#8211; 10 domande che attestano elementi di competenza comunicativa<\/p>\n<p><u>Livello<\/u> <u>B1<\/u> (tempo di svolgimento: 30 minuti)<\/p>\n<p>30 domande suddivise in:<\/p>\n<p>&#8211; 10 domande che attestano elementi di competenza grammaticale e lessicale<br \/>\n&#8211; 10 domande che attestano elementi di competenza comunicativa<br \/>\n&#8211; 10 domande, basate su un testo scritto, che attestano elementi di comprensione scritta.<\/p>\n<p><u>Livello<\/u> <u>B2<\/u> (tempo di svolgimento: 40 minuti)<\/p>\n<p>30 domande suddivise in:<\/p>\n<p>&#8211; 10 domande che attestano elementi di competenza grammaticale e lessicale<br \/>\n&#8211; 10 domande che attestano elementi di competenza comunicativa<br \/>\n&#8211; 5 domande, basate su un testo scritto, che attestano elementi di comprensione scritta<br \/>\n&#8211; 5 domande, basate su una registrazione audio, che attestano elementi di comprensione orale<\/p>\n<p><u>Livello<\/u><u> C1 <\/u>(tempo di svolgimento: 40 minuti)<\/p>\n<p>35 domande suddivise in:<\/p>\n<p>&#8211; 1 esercizio di completamento di un testo (20 spazi) che attesta elementi di competenza grammaticale e lessicale<br \/>\n&#8211; 5 domande che attestano elementi di\u00a0 competenza comunicativa<br \/>\n&#8211; 5 domande, basate su un testo scritto, che attestano elementi di comprensione scritta<br \/>\n&#8211; 5 domande, basate su una registrazione audio, che attestano elementi di comprensione orale<\/p>\n<p><strong><br \/>\nCome ci si prepara al test?<\/strong><\/p>\n<p>Il Centro Linguistico offre attivit\u00e0 preparatorie fruibili online tramite la piattaforma di Ateneo Kiro per le lingue francese, inglese, portoghese, spagnolo e tedesco, realizzate al preciso scopo di ottimizzare la preparazione al test. Le attivit\u00e0 per ogni lingua sono suddivise nei livelli A2, B1, B2 e C1 del QCER.<\/p>\n<p>Tale servizio pu\u00f2 essere integrato con attivit\u00e0 in autoapprendimento disponibili presso il Centro Linguistico Laboratori. Maggiori informazioni alla pagina:\u00a0 <a href=\"https:\/\/cla.unipv.it\/?page_id=210\" target=\"_blank\" rel=\"noopener noreferrer\">Laboratorio di Autoapprendimento e Mediateca.<\/a><\/p>\n<p><strong>Contenuti delle attivit\u00e0 per livello<\/strong><\/p>\n<p>Le attivit\u00e0 disponibili nella piattaforma Kiro corrispondono alle competenze attestate dal test Erasmus+, e sono suddivise in 10 lezioni per ciascun livello, cos\u00ec strutturate:<\/p>\n<p>Livello A2:<\/p>\n<ul>\n<li>selezione di 10 argomenti dal sillabo di livello A2 per le competenze di grammatica, lessico e funzione comunicativa<\/li>\n<li>30 schede esplicative con esempi<\/li>\n<li>30 esercizi (10 per ogni competenza) per l\u2019esercitazione pratica<\/li>\n<\/ul>\n<p>Livello B1:<\/p>\n<ul>\n<li>selezione di 10 argomenti dal sillabo di livello B1 per le competenze di grammatica, lessico e funzione comunicativa<\/li>\n<li>30 schede esplicative con esempi<\/li>\n<li>30 esercizi (10 per ogni competenza) per l\u2019esercitazione pratica<\/li>\n<li>10 esercizi per la comprensione scritta<\/li>\n<\/ul>\n<p>Livello B2:<\/p>\n<ul>\n<li>selezione di 10 argomenti dal sillabo di livello B2 per le competenze di grammatica, lessico e funzione comunicativa<\/li>\n<li>30 schede esplicative con esempi<\/li>\n<li>30 esercizi (10 per ogni competenza) per l\u2019esercitazione pratica<\/li>\n<li>10 esercizi per la comprensione scritta<\/li>\n<li>10 esercizi per la comprensione orale<\/li>\n<\/ul>\n<p>Livello C1:<\/p>\n<ul>\n<li>selezione di 10 argomenti dal sillabo di livello C1 per le competenze di grammatica, lessico e funzione comunicativa<\/li>\n<li>30 schede esplicative con esempi<\/li>\n<li>30 esercizi (10 per ogni competenza) per l\u2019esercitazione pratica<\/li>\n<li>10 esercizi per la comprensione scritta<\/li>\n<li>10 esercizi per la comprensione orale<\/li>\n<\/ul>\n<p>&nbsp;<\/p>\n<p>Inoltre, da gennaio 2017 le attivit\u00e0 sono arricchite con nuovi esercizi di comprensione scritta (livelli B1, B2 e C1) e comprensione orale (livelli B2 e C1) per le lingue francese, inglese, spagnolo e tedesco.<\/p>\n<p><strong>A prescindere dall&#8217;autovalutazione della propria preparazione, si consiglia di svolgere le attivit\u00e0 <u>a<\/u> <u>partire dal livello A2. Lo studente potr\u00e0 in ogni caso accedere a tutti i livelli, avvalendosi di tutto il materiale a disposizione.<\/u><\/strong><\/p>\n<p>Le istruzioni operative per accedere alle attivit\u00e0 preparatorie si trovano al seguente link: <a href=\"https:\/\/cla.unipv.it\/wp-content\/uploads\/2017\/06\/IstruzioniAttivit\u00e0ErasmusKiro.pdf\" target=\"_blank\" rel=\"noopener noreferrer\">https:\/\/cla.unipv.it\/wp-content\/uploads\/2017\/06\/IstruzioniAttivit\u00e0ErasmusKiro.pdf<\/a><\/p>\n<p><strong><br \/>\nCome ci si iscrive al test?<\/strong><\/p>\n<p><u>L\u2019iscrizione <\/u><u>al test \u00e8 obbligatoria.<br \/>\n<\/u><\/p>\n<p><strong><a href=\"https:\/\/cla.unipv.it\/wp-content\/uploads\/2017\/06\/IstruzioniIscrizioneTestErasmus2017-Kiro.pdf\">IstruzioniIscrizioneTestErasmus+2017-Kiro<\/a> &#8211; Sessione settembre 2017 (periodo di apertura liste in Kiro: dal 10 luglio al 6 settembre 2017)<br \/>\n<\/strong><\/p>\n<p>Si tratta di una sessione anticipata, mirata ad offrire l&#8217;opportunit\u00e0 di acquisire l&#8217;attestazione del proprio livello linguistico ai fini della partenza in Erasmus nell&#8217; a.a. 2018\/2019 e per altri programmi di scambio del nostro Ateneo.<br \/>\nll risultato non precluder\u00e0 la possibilit\u00e0 di sostenere nuovamente il test nella prossima sessione, successiva all&#8217;emanazione del bando Erasmus+.<\/p>\n<p><strong>L&#8217;erogazione del test avr\u00e0 luogo nella settimana dal 18 al 22 settembre 2017.<\/strong><\/p>\n<p><strong>Dove e quando si svolger\u00e0 il test?<\/strong><\/p>\n<p>Sulla base del numero dei candidati iscritti e della disponibilit\u00e0 delle aule, il Centro Linguistico predisporr\u00e0 <span style=\"text-decoration: underline;\">i turni di somministrazione del test<\/span> per ogni lingua, che <span style=\"text-decoration: underline;\">saranno pubblicati in questa stessa pagina il giorno <strong>14 settembre 2017<\/strong><\/span>. Il test si svolger\u00e0 presso alcune aule informatizzate dell\u2019Ateneo, sotto la supervisione del personale tecnico del Centro Linguistico.<\/p>\n<p><strong>Cosa \u00e8 necessario portare il giorno del test?<\/strong><\/p>\n<p>Presentarsi con un <u>documento di identit\u00e0 valido <\/u>(carta d\u2019identit\u00e0, passaporto o patente di guida).<\/p>\n<p>Il test si svolger\u00e0 tramite la piattaforma di Ateneo Kiro a cui si accede con le credenziali di Ateneo (username: codice fiscale in maiuscolo, password: la stessa password dei servizi di Ateneo, wifi e area riservata, in maiuscolo).<\/p>\n<p>E\u2019 importante VERIFICARE LA VALIDITA\u2019 DELLE PROPRIE CREDENZIALI <strong>PRIMA <\/strong>DEL TEST, seguendo le istruzioni per accedere alle attivit\u00e0 preparatorie: se si \u00e8 riconosciuti dalla piattaforma Kiro, le credenziali sono valide.<br \/>\nIn caso di difficolt\u00e0 con le credenziali consultare la seguente pagina: <a href=\"http:\/\/idcd.unipv.it\/?page_id=1473\" target=\"_blank\" rel=\"noopener noreferrer\">Come si accede a Kiro?<\/a><\/p>\n<p><strong>In che modo sar\u00e0 attestato il livello del candidato conseguito nel test?<\/strong><\/p>\n<p>Concluso il test, il Centro Linguistico fornir\u00e0 al Servizio Relazioni Internazionali i risultati, tradotti in livelli linguistici, e invier\u00e0 all\u2019indirizzo e-mail istituzionale di ogni candidato l\u2019attestato bilingue (italiano e inglese) con il livello linguistico conseguito nel test.<\/p>\n","protected":false},"excerpt":{"rendered":"<p>ISTRUZIONI TEST ERASMUS+ E UTILIZZO ATTIVIT\u00c0 PREPARATORIE 2017-2018 Il bando Erasmus+ 2017-2018 prevede per i candidati outgoing l\u2019accertamento della competenza linguistica per le lingue francese, inglese, portoghese, spagnolo e tedesco tramite test online organizzati ed erogati dal Centro Linguistico di Ateneo attraverso l\u2019utilizzo della piattaforma di Ateneo KIRO. Il test non ha lo scopo di&#8230;<\/p>\n","protected":false},"author":8,"featured_media":0,"parent":0,"menu_order":0,"comment_status":"closed","ping_status":"open","template":"","meta":[],"_links":{"self":[{"href":"https:\/\/cla.unipv.it\/index.php?rest_route=\/wp\/v2\/pages\/49246"}],"collection":[{"href":"https:\/\/cla.unipv.it\/index.php?rest_route=\/wp\/v2\/pages"}],"about":[{"href":"https:\/\/cla.unipv.it\/index.php?rest_route=\/wp\/v2\/types\/page"}],"author":[{"embeddable":true,"href":"https:\/\/cla.unipv.it\/index.php?rest_route=\/wp\/v2\/users\/8"}],"replies":[{"embeddable":true,"href":"https:\/\/cla.unipv.it\/index.php?rest_route=%2Fwp%2Fv2%2Fcomments&post=49246"}],"version-history":[{"count":205,"href":"https:\/\/cla.unipv.it\/index.php?rest_route=\/wp\/v2\/pages\/49246\/revisions"}],"predecessor-version":[{"id":58737,"href":"https:\/\/cla.unipv.it\/index.php?rest_route=\/wp\/v2\/pages\/49246\/revisions\/58737"}],"wp:attachment":[{"href":"https:\/\/cla.unipv.it\/index.php?rest_route=%2Fwp%2Fv2%2Fmedia&parent=49246"}],"curies":[{"name":"wp","href":"https:\/\/api.w.org\/{rel}","templated":true}]}}