{"id":47,"date":"2023-09-09T21:50:15","date_gmt":"2023-09-09T19:50:15","guid":{"rendered":"https:\/\/cla.unipv.it\/AICLU2024\/?page_id=47"},"modified":"2024-10-09T09:27:14","modified_gmt":"2024-10-09T07:27:14","slug":"comitato-scientifico-2","status":"publish","type":"page","link":"https:\/\/cla.unipv.it\/AICLU2024\/?page_id=47","title":{"rendered":"COMITATO SCIENTIFICO E ORGANIZZATIVO"},"content":{"rendered":"\n<figure class=\"wp-block-table is-style-stripes\"><table><tbody><tr><td>Carmen Argondizzo &#8211; Universit\u00e0 della Calabria<\/td><\/tr><tr><td>Thomas Christiansen &#8211; Universit\u00e0 del Salento<\/td><\/tr><tr><td>Chiara Degano &#8211; Universit\u00e0 Roma Tre<\/td><\/tr><tr><td>Alessandra Fazio &#8211; Universit\u00e0 degli Studi di Roma Foro Italico<\/td><\/tr><tr><td>Elisabetta Marino &#8211; Universit\u00e0 degli Studi di Roma \u201cTor Vergata\u201d<\/td><\/tr><tr><td>Cristina Mariotti&nbsp; &#8211; Universit\u00e0 di Pavia<\/td><\/tr><tr><td>Enrica Rossi &#8211; Universit\u00e0 degli Studi di Urbino&nbsp; Carlo&nbsp; Bo<\/td><\/tr><tr><td>Cesare Zanca &#8211; Universit\u00e0 degli Studi di Siena<\/td><\/tr><\/tbody><\/table><\/figure>\n","protected":false},"excerpt":{"rendered":"<p>Carmen Argondizzo &#8211; Universit\u00e0 della Calabria Thomas Christiansen &#8211; Universit\u00e0 del Salento Chiara Degano &#8211; Universit\u00e0 Roma Tre Alessandra Fazio &#8211; Universit\u00e0 degli Studi di Roma Foro Italico Elisabetta Marino &#8211; Universit\u00e0 degli Studi di Roma \u201cTor Vergata\u201d Cristina Mariotti&nbsp; &#8211; Universit\u00e0 di Pavia Enrica Rossi &#8211; Universit\u00e0 degli Studi di Urbino&nbsp; Carlo&nbsp; Bo Cesare &#8230; <a title=\"COMITATO SCIENTIFICO E ORGANIZZATIVO\" class=\"read-more\" href=\"https:\/\/cla.unipv.it\/AICLU2024\/?page_id=47\" aria-label=\"Leggi di pi\u00f9 su COMITATO SCIENTIFICO E ORGANIZZATIVO\">Leggi tutto<\/a><\/p>\n","protected":false},"author":1,"featured_media":0,"parent":0,"menu_order":0,"comment_status":"closed","ping_status":"closed","template":"","meta":{"sb_editor_width":""},"relative_dates":{"created":"3 anni ago","modified":"1 anno ago"},"_links":{"self":[{"href":"https:\/\/cla.unipv.it\/AICLU2024\/index.php?rest_route=\/wp\/v2\/pages\/47"}],"collection":[{"href":"https:\/\/cla.unipv.it\/AICLU2024\/index.php?rest_route=\/wp\/v2\/pages"}],"about":[{"href":"https:\/\/cla.unipv.it\/AICLU2024\/index.php?rest_route=\/wp\/v2\/types\/page"}],"author":[{"embeddable":true,"href":"https:\/\/cla.unipv.it\/AICLU2024\/index.php?rest_route=\/wp\/v2\/users\/1"}],"replies":[{"embeddable":true,"href":"https:\/\/cla.unipv.it\/AICLU2024\/index.php?rest_route=%2Fwp%2Fv2%2Fcomments&post=47"}],"version-history":[{"count":8,"href":"https:\/\/cla.unipv.it\/AICLU2024\/index.php?rest_route=\/wp\/v2\/pages\/47\/revisions"}],"predecessor-version":[{"id":443,"href":"https:\/\/cla.unipv.it\/AICLU2024\/index.php?rest_route=\/wp\/v2\/pages\/47\/revisions\/443"}],"wp:attachment":[{"href":"https:\/\/cla.unipv.it\/AICLU2024\/index.php?rest_route=%2Fwp%2Fv2%2Fmedia&parent=47"}],"curies":[{"name":"wp","href":"https:\/\/api.w.org\/{rel}","templated":true}]}}